{"id":10205,"date":"2026-05-04T17:02:41","date_gmt":"2026-05-04T15:02:41","guid":{"rendered":"https:\/\/cosmic.tech\/?page_id=10205"},"modified":"2026-05-04T17:02:42","modified_gmt":"2026-05-04T15:02:42","slug":"thank-you-es","status":"publish","type":"page","link":"https:\/\/cosmic.tech\/es\/thank-you-es\/","title":{"rendered":"\u00a1Gracias por contactarnos!"},"content":{"rendered":"\n<h2 class=\"wp-block-heading has-text-align-center\">Hemos recibido tu mensaje. Nuestro equipo te responder\u00e0 en breve.<\/h2>\n\n\n\n<p class=\"has-text-align-center\">Mientras tanto, puedes explorar nuestro sitio web para saber m\u00e1s sobre lo que hacemos.<\/p>\n","protected":false},"excerpt":{"rendered":"<p>Hemos recibido tu mensaje. Nuestro equipo te responder\u00e0 en breve. Mientras tanto, puedes explorar nuestro sitio web para saber m\u00e1s sobre lo que hacemos.<\/p>\n","protected":false},"author":20,"featured_media":9798,"parent":0,"menu_order":0,"comment_status":"closed","ping_status":"closed","template":"page-templates\/privacy-policy.php","meta":{"_acf_changed":false,"footnotes":""},"class_list":["post-10205","page","type-page","status-publish","has-post-thumbnail","hentry"],"acf":[],"yoast_head":"<!-- This site is optimized with the Yoast SEO plugin v24.7 - https:\/\/yoast.com\/wordpress\/plugins\/seo\/ -->\n<title>\u00a1Gracias por contactarnos! - Cosmic<\/title>\n<meta name=\"description\" content=\"\u00a1Descubra los paquetes de rendimiento seg\u00fan sus necesidades intergal\u00e1cticas! P\u00f3ngase en contacto con nosotros para obtener m\u00e1s informaci\u00f3n.\" \/>\n<meta name=\"robots\" content=\"index, follow, max-snippet:-1, max-image-preview:large, max-video-preview:-1\" \/>\n<link rel=\"canonical\" href=\"https:\/\/cosmic.tech\/es\/thank-you-es\/\" \/>\n<meta property=\"og:locale\" content=\"es_ES\" \/>\n<meta property=\"og:type\" content=\"article\" \/>\n<meta property=\"og:title\" content=\"\u00a1Gracias por contactarnos! - Cosmic\" \/>\n<meta property=\"og:description\" content=\"\u00a1Descubra los paquetes de rendimiento seg\u00fan sus necesidades intergal\u00e1cticas! P\u00f3ngase en contacto con nosotros para obtener m\u00e1s informaci\u00f3n.\" \/>\n<meta property=\"og:url\" content=\"https:\/\/cosmic.tech\/es\/thank-you-es\/\" \/>\n<meta property=\"og:site_name\" content=\"Cosmic\" \/>\n<meta property=\"article:modified_time\" content=\"2026-05-04T15:02:42+00:00\" \/>\n<meta property=\"og:image\" content=\"https:\/\/cosmic.tech\/wp-content\/uploads\/2025\/12\/rosa-full-scaled.jpg\" \/>\n\t<meta property=\"og:image:width\" content=\"2560\" \/>\n\t<meta property=\"og:image:height\" content=\"2560\" \/>\n\t<meta property=\"og:image:type\" content=\"image\/jpeg\" \/>\n<meta name=\"twitter:card\" content=\"summary_large_image\" \/>\n<meta name=\"twitter:label1\" content=\"Tiempo de lectura\" \/>\n\t<meta name=\"twitter:data1\" content=\"1 minuto\" \/>\n<script type=\"application\/ld+json\" class=\"yoast-schema-graph\">{\"@context\":\"https:\/\/schema.org\",\"@graph\":[{\"@type\":\"WebPage\",\"@id\":\"https:\/\/cosmic.tech\/es\/thank-you-es\/\",\"url\":\"https:\/\/cosmic.tech\/es\/thank-you-es\/\",\"name\":\"\u00a1Gracias por contactarnos! - Cosmic\",\"isPartOf\":{\"@id\":\"https:\/\/cosmic.tech\/es\/#website\"},\"primaryImageOfPage\":{\"@id\":\"https:\/\/cosmic.tech\/es\/thank-you-es\/#primaryimage\"},\"image\":{\"@id\":\"https:\/\/cosmic.tech\/es\/thank-you-es\/#primaryimage\"},\"thumbnailUrl\":\"https:\/\/cosmic.tech\/wp-content\/uploads\/2025\/12\/rosa-full-scaled.jpg\",\"datePublished\":\"2026-05-04T15:02:41+00:00\",\"dateModified\":\"2026-05-04T15:02:42+00:00\",\"description\":\"\u00a1Descubra los paquetes de rendimiento seg\u00fan sus necesidades intergal\u00e1cticas! P\u00f3ngase en contacto con nosotros para obtener m\u00e1s informaci\u00f3n.\",\"breadcrumb\":{\"@id\":\"https:\/\/cosmic.tech\/es\/thank-you-es\/#breadcrumb\"},\"inLanguage\":\"es\",\"potentialAction\":[{\"@type\":\"ReadAction\",\"target\":[\"https:\/\/cosmic.tech\/es\/thank-you-es\/\"]}]},{\"@type\":\"ImageObject\",\"inLanguage\":\"es\",\"@id\":\"https:\/\/cosmic.tech\/es\/thank-you-es\/#primaryimage\",\"url\":\"https:\/\/cosmic.tech\/wp-content\/uploads\/2025\/12\/rosa-full-scaled.jpg\",\"contentUrl\":\"https:\/\/cosmic.tech\/wp-content\/uploads\/2025\/12\/rosa-full-scaled.jpg\",\"width\":2560,\"height\":2560},{\"@type\":\"BreadcrumbList\",\"@id\":\"https:\/\/cosmic.tech\/es\/thank-you-es\/#breadcrumb\",\"itemListElement\":[{\"@type\":\"ListItem\",\"position\":1,\"name\":\"Home\",\"item\":\"https:\/\/cosmic.tech\/es\/\"},{\"@type\":\"ListItem\",\"position\":2,\"name\":\"\u00a1Gracias por contactarnos!\"}]},{\"@type\":\"WebSite\",\"@id\":\"https:\/\/cosmic.tech\/es\/#website\",\"url\":\"https:\/\/cosmic.tech\/es\/\",\"name\":\"Cosmic\",\"description\":\"\",\"publisher\":{\"@id\":\"https:\/\/cosmic.tech\/es\/#organization\"},\"potentialAction\":[{\"@type\":\"SearchAction\",\"target\":{\"@type\":\"EntryPoint\",\"urlTemplate\":\"https:\/\/cosmic.tech\/es\/?s={search_term_string}\"},\"query-input\":{\"@type\":\"PropertyValueSpecification\",\"valueRequired\":true,\"valueName\":\"search_term_string\"}}],\"inLanguage\":\"es\"},{\"@type\":\"Organization\",\"@id\":\"https:\/\/cosmic.tech\/es\/#organization\",\"name\":\"Cosmic\",\"url\":\"https:\/\/cosmic.tech\/es\/\",\"logo\":{\"@type\":\"ImageObject\",\"inLanguage\":\"es\",\"@id\":\"https:\/\/cosmic.tech\/es\/#\/schema\/logo\/image\/\",\"url\":\"https:\/\/cosmic.tech\/wp-content\/uploads\/2024\/07\/2021_02_cosmic_declinazioni_logo_logo_standard.png\",\"contentUrl\":\"https:\/\/cosmic.tech\/wp-content\/uploads\/2024\/07\/2021_02_cosmic_declinazioni_logo_logo_standard.png\",\"width\":1001,\"height\":290,\"caption\":\"Cosmic\"},\"image\":{\"@id\":\"https:\/\/cosmic.tech\/es\/#\/schema\/logo\/image\/\"},\"sameAs\":[\"https:\/\/www.instagram.com\/cosmic_agency\/\",\"https:\/\/www.linkedin.com\/company\/cosmic-adtech-company\/\"]}]}<\/script>\n<!-- \/ Yoast SEO plugin. -->","yoast_head_json":{"title":"\u00a1Gracias por contactarnos! - Cosmic","description":"\u00a1Descubra los paquetes de rendimiento seg\u00fan sus necesidades intergal\u00e1cticas! P\u00f3ngase en contacto con nosotros para obtener m\u00e1s informaci\u00f3n.","robots":{"index":"index","follow":"follow","max-snippet":"max-snippet:-1","max-image-preview":"max-image-preview:large","max-video-preview":"max-video-preview:-1"},"canonical":"https:\/\/cosmic.tech\/es\/thank-you-es\/","og_locale":"es_ES","og_type":"article","og_title":"\u00a1Gracias por contactarnos! - Cosmic","og_description":"\u00a1Descubra los paquetes de rendimiento seg\u00fan sus necesidades intergal\u00e1cticas! P\u00f3ngase en contacto con nosotros para obtener m\u00e1s informaci\u00f3n.","og_url":"https:\/\/cosmic.tech\/es\/thank-you-es\/","og_site_name":"Cosmic","article_modified_time":"2026-05-04T15:02:42+00:00","og_image":[{"width":2560,"height":2560,"url":"https:\/\/cosmic.tech\/wp-content\/uploads\/2025\/12\/rosa-full-scaled.jpg","type":"image\/jpeg"}],"twitter_card":"summary_large_image","twitter_misc":{"Tiempo de lectura":"1 minuto"},"schema":{"@context":"https:\/\/schema.org","@graph":[{"@type":"WebPage","@id":"https:\/\/cosmic.tech\/es\/thank-you-es\/","url":"https:\/\/cosmic.tech\/es\/thank-you-es\/","name":"\u00a1Gracias por contactarnos! - Cosmic","isPartOf":{"@id":"https:\/\/cosmic.tech\/es\/#website"},"primaryImageOfPage":{"@id":"https:\/\/cosmic.tech\/es\/thank-you-es\/#primaryimage"},"image":{"@id":"https:\/\/cosmic.tech\/es\/thank-you-es\/#primaryimage"},"thumbnailUrl":"https:\/\/cosmic.tech\/wp-content\/uploads\/2025\/12\/rosa-full-scaled.jpg","datePublished":"2026-05-04T15:02:41+00:00","dateModified":"2026-05-04T15:02:42+00:00","description":"\u00a1Descubra los paquetes de rendimiento seg\u00fan sus necesidades intergal\u00e1cticas! P\u00f3ngase en contacto con nosotros para obtener m\u00e1s informaci\u00f3n.","breadcrumb":{"@id":"https:\/\/cosmic.tech\/es\/thank-you-es\/#breadcrumb"},"inLanguage":"es","potentialAction":[{"@type":"ReadAction","target":["https:\/\/cosmic.tech\/es\/thank-you-es\/"]}]},{"@type":"ImageObject","inLanguage":"es","@id":"https:\/\/cosmic.tech\/es\/thank-you-es\/#primaryimage","url":"https:\/\/cosmic.tech\/wp-content\/uploads\/2025\/12\/rosa-full-scaled.jpg","contentUrl":"https:\/\/cosmic.tech\/wp-content\/uploads\/2025\/12\/rosa-full-scaled.jpg","width":2560,"height":2560},{"@type":"BreadcrumbList","@id":"https:\/\/cosmic.tech\/es\/thank-you-es\/#breadcrumb","itemListElement":[{"@type":"ListItem","position":1,"name":"Home","item":"https:\/\/cosmic.tech\/es\/"},{"@type":"ListItem","position":2,"name":"\u00a1Gracias por contactarnos!"}]},{"@type":"WebSite","@id":"https:\/\/cosmic.tech\/es\/#website","url":"https:\/\/cosmic.tech\/es\/","name":"Cosmic","description":"","publisher":{"@id":"https:\/\/cosmic.tech\/es\/#organization"},"potentialAction":[{"@type":"SearchAction","target":{"@type":"EntryPoint","urlTemplate":"https:\/\/cosmic.tech\/es\/?s={search_term_string}"},"query-input":{"@type":"PropertyValueSpecification","valueRequired":true,"valueName":"search_term_string"}}],"inLanguage":"es"},{"@type":"Organization","@id":"https:\/\/cosmic.tech\/es\/#organization","name":"Cosmic","url":"https:\/\/cosmic.tech\/es\/","logo":{"@type":"ImageObject","inLanguage":"es","@id":"https:\/\/cosmic.tech\/es\/#\/schema\/logo\/image\/","url":"https:\/\/cosmic.tech\/wp-content\/uploads\/2024\/07\/2021_02_cosmic_declinazioni_logo_logo_standard.png","contentUrl":"https:\/\/cosmic.tech\/wp-content\/uploads\/2024\/07\/2021_02_cosmic_declinazioni_logo_logo_standard.png","width":1001,"height":290,"caption":"Cosmic"},"image":{"@id":"https:\/\/cosmic.tech\/es\/#\/schema\/logo\/image\/"},"sameAs":["https:\/\/www.instagram.com\/cosmic_agency\/","https:\/\/www.linkedin.com\/company\/cosmic-adtech-company\/"]}]}},"_links":{"self":[{"href":"https:\/\/cosmic.tech\/es\/wp-json\/wp\/v2\/pages\/10205","targetHints":{"allow":["GET"]}}],"collection":[{"href":"https:\/\/cosmic.tech\/es\/wp-json\/wp\/v2\/pages"}],"about":[{"href":"https:\/\/cosmic.tech\/es\/wp-json\/wp\/v2\/types\/page"}],"author":[{"embeddable":true,"href":"https:\/\/cosmic.tech\/es\/wp-json\/wp\/v2\/users\/20"}],"replies":[{"embeddable":true,"href":"https:\/\/cosmic.tech\/es\/wp-json\/wp\/v2\/comments?post=10205"}],"version-history":[{"count":1,"href":"https:\/\/cosmic.tech\/es\/wp-json\/wp\/v2\/pages\/10205\/revisions"}],"predecessor-version":[{"id":10224,"href":"https:\/\/cosmic.tech\/es\/wp-json\/wp\/v2\/pages\/10205\/revisions\/10224"}],"wp:featuredmedia":[{"embeddable":true,"href":"https:\/\/cosmic.tech\/es\/wp-json\/wp\/v2\/media\/9798"}],"wp:attachment":[{"href":"https:\/\/cosmic.tech\/es\/wp-json\/wp\/v2\/media?parent=10205"}],"curies":[{"name":"wp","href":"https:\/\/api.w.org\/{rel}","templated":true}]}}